{"id":6256,"date":"2022-04-07T14:09:12","date_gmt":"2022-04-07T17:09:12","guid":{"rendered":"https:\/\/distrialivia.com.ar\/?page_id=6256"},"modified":"2022-07-20T11:09:23","modified_gmt":"2022-07-20T14:09:23","slug":"preguntas-frecuentas","status":"publish","type":"page","link":"https:\/\/distrialivia.com.ar\/?page_id=6256","title":{"rendered":"Preguntas Frecuentas"},"content":{"rendered":"\t\t<div data-elementor-type=\"wp-post\" data-elementor-id=\"6256\" class=\"elementor elementor-6256\">\n\t\t\t\t\t\t<section class=\"elementor-section elementor-top-section elementor-element elementor-element-8c39fce elementor-section-content-middle elementor-section-boxed elementor-section-height-default elementor-section-height-default\" data-id=\"8c39fce\" data-element_type=\"section\" data-settings=\"{&quot;background_background&quot;:&quot;classic&quot;}\">\n\t\t\t\t\t\t\t<div class=\"elementor-background-overlay\"><\/div>\n\t\t\t\t\t\t\t<div class=\"elementor-container elementor-column-gap-no\">\n\t\t\t\t\t<div class=\"elementor-column elementor-col-100 elementor-top-column elementor-element elementor-element-b1952b1\" data-id=\"b1952b1\" data-element_type=\"column\">\n\t\t\t<div class=\"elementor-widget-wrap elementor-element-populated\">\n\t\t\t\t\t\t<div class=\"elementor-element elementor-element-03b93f0 elementor-widget elementor-widget-heading\" data-id=\"03b93f0\" data-element_type=\"widget\" data-widget_type=\"heading.default\">\n\t\t\t\t<div class=\"elementor-widget-container\">\n\t\t\t\t\t<h1 class=\"elementor-heading-title elementor-size-default\">Preguntas Frecuentes<\/h1>\t\t\t\t<\/div>\n\t\t\t\t<\/div>\n\t\t\t\t\t<\/div>\n\t\t<\/div>\n\t\t\t\t\t<\/div>\n\t\t<\/section>\n\t\t\t\t<section class=\"elementor-section elementor-top-section elementor-element elementor-element-a56cdf2 elementor-section-boxed elementor-section-height-default elementor-section-height-default\" data-id=\"a56cdf2\" data-element_type=\"section\">\n\t\t\t\t\t\t<div class=\"elementor-container elementor-column-gap-default\">\n\t\t\t\t\t<div class=\"elementor-column elementor-col-100 elementor-top-column elementor-element elementor-element-c91fc05\" data-id=\"c91fc05\" data-element_type=\"column\">\n\t\t\t<div class=\"elementor-widget-wrap elementor-element-populated\">\n\t\t\t\t\t\t<div class=\"elementor-element elementor-element-74055b3 elementor-view-default elementor-widget elementor-widget-icon\" data-id=\"74055b3\" data-element_type=\"widget\" data-widget_type=\"icon.default\">\n\t\t\t\t<div class=\"elementor-widget-container\">\n\t\t\t\t\t\t\t<div class=\"elementor-icon-wrapper\">\n\t\t\t<div class=\"elementor-icon\">\n\t\t\t<i aria-hidden=\"true\" class=\"far fa-question-circle\"><\/i>\t\t\t<\/div>\n\t\t<\/div>\n\t\t\t\t\t\t<\/div>\n\t\t\t\t<\/div>\n\t\t\t\t\t<\/div>\n\t\t<\/div>\n\t\t\t\t\t<\/div>\n\t\t<\/section>\n\t\t\t\t<section class=\"elementor-section elementor-top-section elementor-element elementor-element-baf7fe7 elementor-section-boxed elementor-section-height-default elementor-section-height-default\" data-id=\"baf7fe7\" data-element_type=\"section\">\n\t\t\t\t\t\t<div class=\"elementor-container elementor-column-gap-default\">\n\t\t\t\t\t<div class=\"elementor-column elementor-col-50 elementor-top-column elementor-element elementor-element-35af886\" data-id=\"35af886\" data-element_type=\"column\">\n\t\t\t<div class=\"elementor-widget-wrap elementor-element-populated\">\n\t\t\t\t\t\t<div class=\"elementor-element elementor-element-18fe101 elementor-widget elementor-widget-heading\" data-id=\"18fe101\" data-element_type=\"widget\" data-widget_type=\"heading.default\">\n\t\t\t\t<div class=\"elementor-widget-container\">\n\t\t\t\t\t<h4 class=\"elementor-heading-title elementor-size-default\">\u00bfLos Precios son IVA Inclu\u00eddo?<\/h4>\t\t\t\t<\/div>\n\t\t\t\t<\/div>\n\t\t\t\t<div class=\"elementor-element elementor-element-c32147f elementor-widget elementor-widget-text-editor\" data-id=\"c32147f\" data-element_type=\"widget\" data-widget_type=\"text-editor.default\">\n\t\t\t\t<div class=\"elementor-widget-container\">\n\t\t\t\t\t\t\t\t\t<p>Si, todos los precios publicados incluyen IVA.<\/p>\t\t\t\t\t\t\t\t<\/div>\n\t\t\t\t<\/div>\n\t\t\t\t<div class=\"elementor-element elementor-element-6d8ac76 elementor-widget elementor-widget-heading\" data-id=\"6d8ac76\" data-element_type=\"widget\" data-widget_type=\"heading.default\">\n\t\t\t\t<div class=\"elementor-widget-container\">\n\t\t\t\t\t<h4 class=\"elementor-heading-title elementor-size-default\">\u00bfPuedo abonar estos precios en el local?<\/h4>\t\t\t\t<\/div>\n\t\t\t\t<\/div>\n\t\t\t\t<div class=\"elementor-element elementor-element-56da53f elementor-widget elementor-widget-text-editor\" data-id=\"56da53f\" data-element_type=\"widget\" data-widget_type=\"text-editor.default\">\n\t\t\t\t<div class=\"elementor-widget-container\">\n\t\t\t\t\t\t\t\t\t<p>Podes abonar estos precios en el local con tarjeta de cr\u00e9dito en un (1) pago, d\u00e9bito o efectivo, sin realizar la compra previamente.<\/p>\t\t\t\t\t\t\t\t<\/div>\n\t\t\t\t<\/div>\n\t\t\t\t<div class=\"elementor-element elementor-element-1a43324 elementor-widget elementor-widget-heading\" data-id=\"1a43324\" data-element_type=\"widget\" data-widget_type=\"heading.default\">\n\t\t\t\t<div class=\"elementor-widget-container\">\n\t\t\t\t\t<h4 class=\"elementor-heading-title elementor-size-default\">\u00bfEmiten Facturas \u201cA\u201d?<\/h4>\t\t\t\t<\/div>\n\t\t\t\t<\/div>\n\t\t\t\t<div class=\"elementor-element elementor-element-2d0820c elementor-widget elementor-widget-text-editor\" data-id=\"2d0820c\" data-element_type=\"widget\" data-widget_type=\"text-editor.default\">\n\t\t\t\t<div class=\"elementor-widget-container\">\n\t\t\t\t\t\t\t\t\t<p>S\u00ed. Quienes requieran factura \u201cA\u201d deben avisarnos al momento de realizar la compra e ingresar el CUIT. Es importante que sepas que cuando se efect\u00fae factura tipo \u201cA\u201d el importe final puede variar de acuerdo a la legislaci\u00f3n impositiva vigente, debido a que somos Agentes de Percepci\u00f3n de Ingresos Brutos.<\/p>\t\t\t\t\t\t\t\t<\/div>\n\t\t\t\t<\/div>\n\t\t\t\t<div class=\"elementor-element elementor-element-78d85a9 elementor-widget elementor-widget-heading\" data-id=\"78d85a9\" data-element_type=\"widget\" data-widget_type=\"heading.default\">\n\t\t\t\t<div class=\"elementor-widget-container\">\n\t\t\t\t\t<h4 class=\"elementor-heading-title elementor-size-default\">\u00bfLos productos tienen garant\u00eda?<\/h4>\t\t\t\t<\/div>\n\t\t\t\t<\/div>\n\t\t\t\t<div class=\"elementor-element elementor-element-aff245f elementor-widget elementor-widget-text-editor\" data-id=\"aff245f\" data-element_type=\"widget\" data-widget_type=\"text-editor.default\">\n\t\t\t\t<div class=\"elementor-widget-container\">\n\t\t\t\t\t\t\t\t\t<p>S\u00ed! Todos los productos de nuestro cat\u00e1logo son nuevos, de primera calidad, y tienen garant\u00eda del fabricante. En la descripci\u00f3n de cada producto encontrar\u00e1s las condiciones particulares de cada uno de ellos.<br \/>El producto que quiero comprar es a Pedido \u00bfQue hago?<br \/>Los productos que figuran \u201cA Pedido\u201d son productos que no se encuentran en stock en ese momento en nuestro dep\u00f3sito. Pod\u00e9s a\u00f1adirlo al carrito y comprarlo de todas formas, la demora del producto para ser entregado te ser\u00e1 informada por el Asesor de Ventas designado en tu compra. El pedido del producto se realiza una vez aprobado el pago, y pod\u00e9s consultar la demora telef\u00f3nicamente o por correo electr\u00f3nico. Generalmente los productos a pedido demoran entre 15 y 25 d\u00edas depende del Fabricante.<\/p>\t\t\t\t\t\t\t\t<\/div>\n\t\t\t\t<\/div>\n\t\t\t\t<div class=\"elementor-element elementor-element-216f0fe elementor-widget elementor-widget-heading\" data-id=\"216f0fe\" data-element_type=\"widget\" data-widget_type=\"heading.default\">\n\t\t\t\t<div class=\"elementor-widget-container\">\n\t\t\t\t\t<h4 class=\"elementor-heading-title elementor-size-default\">El producto que quiero est\u00e1 Agotado \u00bfQue hago?<\/h4>\t\t\t\t<\/div>\n\t\t\t\t<\/div>\n\t\t\t\t<div class=\"elementor-element elementor-element-2e92154 elementor-widget elementor-widget-text-editor\" data-id=\"2e92154\" data-element_type=\"widget\" data-widget_type=\"text-editor.default\">\n\t\t\t\t<div class=\"elementor-widget-container\">\n\t\t\t\t\t\t\t\t\t<p>Los productos que figuran \u201cAgotado\u201d son productos que en este momento no podemos venderte, porque nuestros proveedores no tienen disponibilidad del producto en f\u00e1brica. En este caso, no pod\u00e9s agregar el producto al carrito de compra hasta que se revierta la situaci\u00f3n del mismo. Pod\u00e9s consultar telef\u00f3nicamente o por correo electr\u00f3nico el tiempo estimado en reanudar la venta del producto para que pueda realizar su compra.<\/p>\t\t\t\t\t\t\t\t<\/div>\n\t\t\t\t<\/div>\n\t\t\t\t\t<\/div>\n\t\t<\/div>\n\t\t\t\t<div class=\"elementor-column elementor-col-50 elementor-top-column elementor-element elementor-element-9120652\" data-id=\"9120652\" data-element_type=\"column\">\n\t\t\t<div class=\"elementor-widget-wrap elementor-element-populated\">\n\t\t\t\t\t\t<div class=\"elementor-element elementor-element-580b902 elementor-widget elementor-widget-heading\" data-id=\"580b902\" data-element_type=\"widget\" data-widget_type=\"heading.default\">\n\t\t\t\t<div class=\"elementor-widget-container\">\n\t\t\t\t\t<h4 class=\"elementor-heading-title elementor-size-default\">\u00bfEs posible retirar un pedido personalmente?<\/h4>\t\t\t\t<\/div>\n\t\t\t\t<\/div>\n\t\t\t\t<div class=\"elementor-element elementor-element-4daf67f elementor-widget elementor-widget-text-editor\" data-id=\"4daf67f\" data-element_type=\"widget\" data-widget_type=\"text-editor.default\">\n\t\t\t\t<div class=\"elementor-widget-container\">\n\t\t\t\t\t\t\t\t\t<p>Es posible! Una vez realizada la compra en la web, podes retirar el pedido en San Justo, Buenos Aires. En este caso no ten\u00e9s ning\u00fan costo de env\u00edo.<\/p>\t\t\t\t\t\t\t\t<\/div>\n\t\t\t\t<\/div>\n\t\t\t\t<div class=\"elementor-element elementor-element-ec67a5f elementor-widget elementor-widget-heading\" data-id=\"ec67a5f\" data-element_type=\"widget\" data-widget_type=\"heading.default\">\n\t\t\t\t<div class=\"elementor-widget-container\">\n\t\t\t\t\t<h4 class=\"elementor-heading-title elementor-size-default\">\u00bfPuede retirar un pedido un tercero y no qui\u00e9n realizo la compra?<\/h4>\t\t\t\t<\/div>\n\t\t\t\t<\/div>\n\t\t\t\t<div class=\"elementor-element elementor-element-651d398 elementor-widget elementor-widget-text-editor\" data-id=\"651d398\" data-element_type=\"widget\" data-widget_type=\"text-editor.default\">\n\t\t\t\t<div class=\"elementor-widget-container\">\n\t\t\t\t\t\t\t\t\t<p>S\u00ed! Pod\u00e9s enviar a qui\u00e9n vos quieras a retirar tu pedido. Unicamente deber\u00e1 conocer el nombre completo de quien realizo la compra; y la persona que se acerque a realizar el retiro deber\u00e1 presentar su DNI para generar una constancia de quien retiro el\/los productos.<\/p>\t\t\t\t\t\t\t\t<\/div>\n\t\t\t\t<\/div>\n\t\t\t\t<div class=\"elementor-element elementor-element-6161bbd elementor-widget elementor-widget-heading\" data-id=\"6161bbd\" data-element_type=\"widget\" data-widget_type=\"heading.default\">\n\t\t\t\t<div class=\"elementor-widget-container\">\n\t\t\t\t\t<h4 class=\"elementor-heading-title elementor-size-default\">\u00bfCu\u00e1les son los medios de pago posibles?<\/h4>\t\t\t\t<\/div>\n\t\t\t\t<\/div>\n\t\t\t\t<div class=\"elementor-element elementor-element-5a7160b elementor-widget elementor-widget-text-editor\" data-id=\"5a7160b\" data-element_type=\"widget\" data-widget_type=\"text-editor.default\">\n\t\t\t\t<div class=\"elementor-widget-container\">\n\t\t\t\t\t\t\t\t\t<p>Podes abonar on-line con Mercado Pago. Si te acercas a nuestra sucursal tambi\u00e9n podes pagar con efectivo, d\u00e9bito o d\u00f3lares.<\/p>\t\t\t\t\t\t\t\t<\/div>\n\t\t\t\t<\/div>\n\t\t\t\t<div class=\"elementor-element elementor-element-f52b959 elementor-widget elementor-widget-heading\" data-id=\"f52b959\" data-element_type=\"widget\" data-widget_type=\"heading.default\">\n\t\t\t\t<div class=\"elementor-widget-container\">\n\t\t\t\t\t<h4 class=\"elementor-heading-title elementor-size-default\">El Pago de mi Pedido no fue exitoso. \u00bfQue hago ahora?<\/h4>\t\t\t\t<\/div>\n\t\t\t\t<\/div>\n\t\t\t\t<div class=\"elementor-element elementor-element-76e08fb elementor-widget elementor-widget-text-editor\" data-id=\"76e08fb\" data-element_type=\"widget\" data-widget_type=\"text-editor.default\">\n\t\t\t\t<div class=\"elementor-widget-container\">\n\t\t\t\t\t\t\t\t\t<p>Los motivos por los cuales su pago no fue exitoso pueden ser:<br \/>1. Que la entidad bancaria no est\u00e9 autorizando la Transacci\u00f3n\u00a0porque excede el l\u00edmite de compras por internet sin previa autorizaci\u00f3n por el cliente (generalmente, en compras mayores a $2500.-). Te recomendamos que te comuniques al tel\u00e9fono que est\u00e1 en tu tarjeta de cr\u00e9dito y solicites autorizaci\u00f3n para realizar la compra en nuestro sitio web aclarando el importe. En este caso, tu pedido deber\u00e1 ser gestionado nuevamente una vez que la tarjeta te haya notificado de que pod\u00e9s realizar la compra.<br \/>2. Que la tarjeta de cr\u00e9dito no disponga de cupo suficiente.\u00a0Comunic\u00e1ndote con la tarjeta o Banco Emisor podr\u00e1s consultarles sobre tu saldo disponible en un pago o en cuotas.<br \/>3. Que tu tarjeta haya cambiado de numeraci\u00f3n y\/o expirado, por lo que te sugerimos que te contactes con la Entidad Emisora de la Tarjeta en caso de creerlo necesario.<br \/>4. Que el ingreso de los datos de tu tarjeta sea incorrecto.\u00a0Para realizar tu pago con tarjeta de cr\u00e9dito se requiere:<br \/>Seleccionar tu tarjeta (Visa, Mastercard, etc.)<br \/>El n\u00famero de tu tarjeta<br \/>Fecha de nacimiento<br \/>Nombre y apellido (tal como est\u00e1 impreso en la tarjeta)<br \/>Documento<br \/>C\u00f3digo de seguridad (\u00faltimos tres n\u00fameros que est\u00e1n al dorso)<br \/>Elegir las cuotas<br \/>En todos los casos el pedido que generaste se anula autom\u00e1ticamente, sin ning\u00fan costo\/cargo para vos. Una vez que encuentres la soluci\u00f3n te invitamos a generar nuevamente el pedido en nuestro sitio web tomando en cuenta los conceptos mencionados.<\/p><p>Si ten\u00e9s inconvenientes ll\u00e1manos al (011) 7150-4562 y podemos ayudarte en lo que necesites de lunes a viernes de 9 a 17 hs.<\/p>\t\t\t\t\t\t\t\t<\/div>\n\t\t\t\t<\/div>\n\t\t\t\t\t<\/div>\n\t\t<\/div>\n\t\t\t\t\t<\/div>\n\t\t<\/section>\n\t\t\t\t<\/div>\n\t\t","protected":false},"excerpt":{"rendered":"<p>Preguntas Frecuentes \u00bfLos Precios son IVA Inclu\u00eddo? Si, todos los precios publicados incluyen IVA. \u00bfPuedo abonar estos precios en el local? Podes abonar estos precios en el local con tarjeta de cr\u00e9dito en un (1) pago, d\u00e9bito o efectivo, sin realizar la compra previamente. \u00bfEmiten Facturas \u201cA\u201d? S\u00ed. Quienes requieran factura \u201cA\u201d deben avisarnos al [&hellip;]<\/p>\n","protected":false},"author":1,"featured_media":0,"parent":0,"menu_order":0,"comment_status":"closed","ping_status":"closed","template":"","meta":{"site-sidebar-layout":"no-sidebar","site-content-layout":"page-builder","ast-site-content-layout":"","site-content-style":"default","site-sidebar-style":"default","ast-global-header-display":"","ast-banner-title-visibility":"","ast-main-header-display":"","ast-hfb-above-header-display":"","ast-hfb-below-header-display":"","ast-hfb-mobile-header-display":"","site-post-title":"disabled","ast-breadcrumbs-content":"","ast-featured-img":"disabled","footer-sml-layout":"","theme-transparent-header-meta":"enabled","adv-header-id-meta":"","stick-header-meta":"","header-above-stick-meta":"","header-main-stick-meta":"","header-below-stick-meta":"","astra-migrate-meta-layouts":"default","ast-page-background-enabled":"default","ast-page-background-meta":{"desktop":{"background-color":"","background-image":"","background-repeat":"repeat","background-position":"center center","background-size":"auto","background-attachment":"scroll","background-type":"","background-media":"","overlay-type":"","overlay-color":"","overlay-opacity":"","overlay-gradient":""},"tablet":{"background-color":"","background-image":"","background-repeat":"repeat","background-position":"center center","background-size":"auto","background-attachment":"scroll","background-type":"","background-media":"","overlay-type":"","overlay-color":"","overlay-opacity":"","overlay-gradient":""},"mobile":{"background-color":"","background-image":"","background-repeat":"repeat","background-position":"center center","background-size":"auto","background-attachment":"scroll","background-type":"","background-media":"","overlay-type":"","overlay-color":"","overlay-opacity":"","overlay-gradient":""}},"ast-content-background-meta":{"desktop":{"background-color":"var(--ast-global-color-5)","background-image":"","background-repeat":"repeat","background-position":"center center","background-size":"auto","background-attachment":"scroll","background-type":"","background-media":"","overlay-type":"","overlay-color":"","overlay-opacity":"","overlay-gradient":""},"tablet":{"background-color":"var(--ast-global-color-5)","background-image":"","background-repeat":"repeat","background-position":"center center","background-size":"auto","background-attachment":"scroll","background-type":"","background-media":"","overlay-type":"","overlay-color":"","overlay-opacity":"","overlay-gradient":""},"mobile":{"background-color":"var(--ast-global-color-5)","background-image":"","background-repeat":"repeat","background-position":"center center","background-size":"auto","background-attachment":"scroll","background-type":"","background-media":"","overlay-type":"","overlay-color":"","overlay-opacity":"","overlay-gradient":""}},"footnotes":""},"class_list":["post-6256","page","type-page","status-publish","hentry"],"_links":{"self":[{"href":"https:\/\/distrialivia.com.ar\/index.php?rest_route=\/wp\/v2\/pages\/6256","targetHints":{"allow":["GET"]}}],"collection":[{"href":"https:\/\/distrialivia.com.ar\/index.php?rest_route=\/wp\/v2\/pages"}],"about":[{"href":"https:\/\/distrialivia.com.ar\/index.php?rest_route=\/wp\/v2\/types\/page"}],"author":[{"embeddable":true,"href":"https:\/\/distrialivia.com.ar\/index.php?rest_route=\/wp\/v2\/users\/1"}],"replies":[{"embeddable":true,"href":"https:\/\/distrialivia.com.ar\/index.php?rest_route=%2Fwp%2Fv2%2Fcomments&post=6256"}],"version-history":[{"count":19,"href":"https:\/\/distrialivia.com.ar\/index.php?rest_route=\/wp\/v2\/pages\/6256\/revisions"}],"predecessor-version":[{"id":6568,"href":"https:\/\/distrialivia.com.ar\/index.php?rest_route=\/wp\/v2\/pages\/6256\/revisions\/6568"}],"wp:attachment":[{"href":"https:\/\/distrialivia.com.ar\/index.php?rest_route=%2Fwp%2Fv2%2Fmedia&parent=6256"}],"curies":[{"name":"wp","href":"https:\/\/api.w.org\/{rel}","templated":true}]}}